{"id":369,"date":"2018-10-15T09:35:03","date_gmt":"2018-10-15T09:35:03","guid":{"rendered":"http:\/\/industify.frenify.com\/1\/?page_id=369"},"modified":"2025-06-23T12:11:51","modified_gmt":"2025-06-23T17:11:51","slug":"homepage-video","status":"publish","type":"page","link":"https:\/\/www.funcal.com.pe\/En\/","title":{"rendered":"Home"},"content":{"rendered":"\t\t<div data-elementor-type=\"wp-post\" data-elementor-id=\"369\" class=\"elementor elementor-369\" data-elementor-settings=\"[]\">\n\t\t\t\t\t\t<div class=\"elementor-inner\">\n\t\t\t\t\t\t\t<div class=\"elementor-section-wrap\">\n\t\t\t\t\t\t\t<section class=\"elementor-section elementor-top-section elementor-element elementor-element-592007f5 elementor-section-full_width elementor-section-height-default elementor-section-height-default\" data-id=\"592007f5\" data-element_type=\"section\" data-settings=\"{&quot;background_background&quot;:&quot;video&quot;,&quot;background_video_link&quot;:&quot;https:\\\/\\\/www.youtube.com\\\/watch?v=mbW-sntPeps&quot;,&quot;background_video_start&quot;:0}\">\n\t\t\t\t\t\t\t\t<div class=\"elementor-background-video-container elementor-hidden-phone\">\n\t\t\t\t\t\t\t\t\t\t\t\t\t<div class=\"elementor-background-video-embed\"><\/div>\n\t\t\t\t\t\t\t\t\t\t\t\t<\/div>\n\t\t\t\t\t\t\t\t<div class=\"elementor-container elementor-column-gap-default\">\n\t\t\t\t\t\t\t<div class=\"elementor-row\">\n\t\t\t\t\t<div class=\"elementor-column elementor-col-100 elementor-top-column elementor-element elementor-element-22ebd025\" data-id=\"22ebd025\" data-element_type=\"column\">\n\t\t\t<div class=\"elementor-column-wrap elementor-element-populated\">\n\t\t\t\t\t\t\t<div class=\"elementor-widget-wrap\">\n\t\t\t\t\t\t<div class=\"elementor-element elementor-element-a33b18f elementor-hidden-desktop elementor-hidden-tablet elementor-hidden-phone elementor-widget elementor-widget-frel-hero-header-modern\" data-id=\"a33b18f\" data-element_type=\"widget\" data-widget_type=\"frel-hero-header-modern.default\">\n\t\t\t\t<div class=\"elementor-widget-container\">\n\t\t\t<div class=\"cons_w_wrapper\"><div class=\"fn_cs_hero_header_modern\" data-height=\"custom\"><div class=\"container\"><div class=\"content_holder\"><div class=\"title_holder\"><h3>Fundici\u00f3n Callao S.A. (FUNCAL)<\/h3><p>Contamos con m\u00e1s de 80 a\u00f1os de experiencia en la industria de la fundici\u00f3n y fabricaci\u00f3n de piezas y dise\u00f1o de equipos, FUNDICI\u00d3N CALLAO S.A. es reconocida en los mercados nacional e internacional por sus productos de\nalta calidad, durabilidad y entrega oportuna, como parte de nuestro\ncompromiso con los clientes.<\/p><\/div><div class=\"btn_holder fn_cs_lightgallery\"><span class=\"video lightbox\" data-src=\"https:\/\/www.youtube.com\/watch?v=mbW-sntPeps\"><span class=\"icon\"><\/span><span class=\"text\">Acerca de FUNCAL<\/span><\/span><\/div><\/div><\/div><div class=\"bg_holder\"><div class=\"o_img\" data-bg-img=\"\"><\/div><div class=\"o_color\"><\/div><\/div><\/div><\/div>\t\t<\/div>\n\t\t\t\t<\/div>\n\t\t\t\t\t\t<\/div>\n\t\t\t\t\t<\/div>\n\t\t<\/div>\n\t\t\t\t\t\t\t\t<\/div>\n\t\t\t\t\t<\/div>\n\t\t<\/section>\n\t\t\t\t<section class=\"elementor-section elementor-top-section elementor-element elementor-element-2ae08356 elementor-section-boxed elementor-section-height-default elementor-section-height-default\" data-id=\"2ae08356\" data-element_type=\"section\" data-settings=\"{&quot;background_background&quot;:&quot;classic&quot;}\">\n\t\t\t\t\t\t\t<div class=\"elementor-background-overlay\"><\/div>\n\t\t\t\t\t\t\t<div class=\"elementor-container elementor-column-gap-default\">\n\t\t\t\t\t\t\t<div class=\"elementor-row\">\n\t\t\t\t\t<div class=\"elementor-column elementor-col-100 elementor-top-column elementor-element elementor-element-6e9043ab\" data-id=\"6e9043ab\" data-element_type=\"column\">\n\t\t\t<div class=\"elementor-column-wrap elementor-element-populated\">\n\t\t\t\t\t\t\t<div class=\"elementor-widget-wrap\">\n\t\t\t\t\t\t<div class=\"elementor-element elementor-element-003e014 elementor-widget elementor-widget-heading\" data-id=\"003e014\" data-element_type=\"widget\" data-widget_type=\"heading.default\">\n\t\t\t\t<div class=\"elementor-widget-container\">\n\t\t\t<h1 class=\"elementor-heading-title elementor-size-default\">Fundici\u00f3n Callao S.A. (FUNCAL)<br><font size=\"6\" face=\"Calibri\" color=\"#8B0000\"><i>\"Experience and precision for the success of your operation\"<\/i><\/font><\/h1>\t\t<\/div>\n\t\t\t\t<\/div>\n\t\t\t\t<div class=\"elementor-element elementor-element-343b5b8 elementor-widget elementor-widget-image\" data-id=\"343b5b8\" data-element_type=\"widget\" data-widget_type=\"image.default\">\n\t\t\t\t<div class=\"elementor-widget-container\">\n\t\t\t\t\t<div class=\"elementor-image\">\n\t\t\t\t\t\t\t\t\t\t<img loading=\"lazy\" decoding=\"async\" width=\"466\" height=\"12\" src=\"https:\/\/www.funcal.com.pe\/En\/wp-content\/uploads\/2019\/05\/divider.png\" class=\"attachment-full size-full\" alt=\"\" srcset=\"https:\/\/www.funcal.com.pe\/En\/wp-content\/uploads\/2019\/05\/divider.png 466w, https:\/\/www.funcal.com.pe\/En\/wp-content\/uploads\/2019\/05\/divider-300x8.png 300w\" sizes=\"auto, (max-width: 466px) 100vw, 466px\" \/>\t\t\t\t\t\t\t\t\t\t\t<\/div>\n\t\t\t\t<\/div>\n\t\t\t\t<\/div>\n\t\t\t\t<div class=\"elementor-element elementor-element-ec58e7e elementor-widget elementor-widget-html\" data-id=\"ec58e7e\" data-element_type=\"widget\" data-widget_type=\"html.default\">\n\t\t\t\t<div class=\"elementor-widget-container\">\n\t\t\t<p style=\"text-align:justify; color:#000\">\nWe manufacture iron and steel castings in their different dimensions using the alloys required under international norms and standards.\n<\/p>\n<p style=\"text-align:justify; color:#000\">We have multiple certifications, which guarantee the quality of our products and services. Allowing us to streamline the export process, acting under global safety standards and parameters which optimize and protect our international trade logistics chain.<\/p>\t\t<\/div>\n\t\t\t\t<\/div>\n\t\t\t\t\t\t<\/div>\n\t\t\t\t\t<\/div>\n\t\t<\/div>\n\t\t\t\t\t\t\t\t<\/div>\n\t\t\t\t\t<\/div>\n\t\t<\/section>\n\t\t\t\t<section class=\"elementor-section elementor-top-section elementor-element elementor-element-af73048 elementor-section-boxed elementor-section-height-default elementor-section-height-default\" data-id=\"af73048\" data-element_type=\"section\" data-settings=\"{&quot;background_background&quot;:&quot;classic&quot;}\">\n\t\t\t\t\t\t<div class=\"elementor-container elementor-column-gap-default\">\n\t\t\t\t\t\t\t<div class=\"elementor-row\">\n\t\t\t\t\t<div class=\"elementor-column elementor-col-25 elementor-top-column elementor-element elementor-element-5c8a0a2\" data-id=\"5c8a0a2\" data-element_type=\"column\">\n\t\t\t<div class=\"elementor-column-wrap\">\n\t\t\t\t\t\t\t<div class=\"elementor-widget-wrap\">\n\t\t\t\t\t\t\t\t<\/div>\n\t\t\t\t\t<\/div>\n\t\t<\/div>\n\t\t\t\t<div class=\"elementor-column elementor-col-50 elementor-top-column elementor-element elementor-element-da2d0ba\" data-id=\"da2d0ba\" data-element_type=\"column\">\n\t\t\t<div class=\"elementor-column-wrap elementor-element-populated\">\n\t\t\t\t\t\t\t<div class=\"elementor-widget-wrap\">\n\t\t\t\t\t\t<div class=\"elementor-element elementor-element-39fda36 elementor-widget elementor-widget-image-gallery\" data-id=\"39fda36\" data-element_type=\"widget\" data-widget_type=\"image-gallery.default\">\n\t\t\t\t<div class=\"elementor-widget-container\">\n\t\t\t\t\t<div class=\"elementor-image-gallery\">\n\t\t\t\n\t\t<style type=\"text\/css\">\n\t\t\t#gallery-1 {\n\t\t\t\tmargin: auto;\n\t\t\t}\n\t\t\t#gallery-1 .gallery-item {\n\t\t\t\tfloat: left;\n\t\t\t\tmargin-top: 10px;\n\t\t\t\ttext-align: center;\n\t\t\t\twidth: 50%;\n\t\t\t}\n\t\t\t#gallery-1 img {\n\t\t\t\tborder: 2px solid #cfcfcf;\n\t\t\t}\n\t\t\t#gallery-1 .gallery-caption {\n\t\t\t\tmargin-left: 0;\n\t\t\t}\n\t\t\t\/* see gallery_shortcode() in wp-includes\/media.php *\/\n\t\t<\/style>\n\t\t<div id='gallery-1' class='gallery galleryid-369 gallery-columns-2 gallery-size-full'><dl class='gallery-item'>\n\t\t\t<dt class='gallery-icon portrait'>\n\t\t\t\t<a data-elementor-open-lightbox=\"yes\" data-elementor-lightbox-slideshow=\"39fda36\" data-elementor-lightbox-title=\"BASC\" href='https:\/\/www.funcal.com.pe\/En\/wp-content\/uploads\/2019\/04\/BASC.jpg'><img loading=\"lazy\" decoding=\"async\" width=\"1002\" height=\"1419\" src=\"https:\/\/www.funcal.com.pe\/En\/wp-content\/uploads\/2019\/04\/BASC.jpg\" class=\"attachment-full size-full\" alt=\"\" aria-describedby=\"gallery-1-613\" srcset=\"https:\/\/www.funcal.com.pe\/En\/wp-content\/uploads\/2019\/04\/BASC.jpg 1002w, https:\/\/www.funcal.com.pe\/En\/wp-content\/uploads\/2019\/04\/BASC-212x300.jpg 212w, https:\/\/www.funcal.com.pe\/En\/wp-content\/uploads\/2019\/04\/BASC-768x1088.jpg 768w, https:\/\/www.funcal.com.pe\/En\/wp-content\/uploads\/2019\/04\/BASC-723x1024.jpg 723w, https:\/\/www.funcal.com.pe\/En\/wp-content\/uploads\/2019\/04\/BASC-1000x1416.jpg 1000w, https:\/\/www.funcal.com.pe\/En\/wp-content\/uploads\/2019\/04\/BASC-600x850.jpg 600w\" sizes=\"auto, (max-width: 1002px) 100vw, 1002px\" \/><\/a>\n\t\t\t<\/dt>\n\t\t\t\t<dd class='wp-caption-text gallery-caption' id='gallery-1-613'>\n\t\t\t\tBASC Certification\n\t\t\t\t<\/dd><\/dl><dl class='gallery-item'>\n\t\t\t<dt class='gallery-icon portrait'>\n\t\t\t\t<a data-elementor-open-lightbox=\"yes\" data-elementor-lightbox-slideshow=\"39fda36\" data-elementor-lightbox-title=\"ISO\" href='https:\/\/www.funcal.com.pe\/En\/wp-content\/uploads\/2019\/04\/ISO.jpg'><img loading=\"lazy\" decoding=\"async\" width=\"1002\" height=\"1419\" src=\"https:\/\/www.funcal.com.pe\/En\/wp-content\/uploads\/2019\/04\/ISO.jpg\" class=\"attachment-full size-full\" alt=\"\" aria-describedby=\"gallery-1-612\" srcset=\"https:\/\/www.funcal.com.pe\/En\/wp-content\/uploads\/2019\/04\/ISO.jpg 1002w, https:\/\/www.funcal.com.pe\/En\/wp-content\/uploads\/2019\/04\/ISO-212x300.jpg 212w, https:\/\/www.funcal.com.pe\/En\/wp-content\/uploads\/2019\/04\/ISO-768x1088.jpg 768w, https:\/\/www.funcal.com.pe\/En\/wp-content\/uploads\/2019\/04\/ISO-723x1024.jpg 723w, https:\/\/www.funcal.com.pe\/En\/wp-content\/uploads\/2019\/04\/ISO-1000x1416.jpg 1000w, https:\/\/www.funcal.com.pe\/En\/wp-content\/uploads\/2019\/04\/ISO-600x850.jpg 600w\" sizes=\"auto, (max-width: 1002px) 100vw, 1002px\" \/><\/a>\n\t\t\t<\/dt>\n\t\t\t\t<dd class='wp-caption-text gallery-caption' id='gallery-1-612'>\n\t\t\t\tISO Certification \n\t\t\t\t<\/dd><\/dl><br style=\"clear: both\" \/>\n\t\t<\/div>\n\t\t<\/div>\n\t\t\t\t<\/div>\n\t\t\t\t<\/div>\n\t\t\t\t\t\t<\/div>\n\t\t\t\t\t<\/div>\n\t\t<\/div>\n\t\t\t\t<div class=\"elementor-column elementor-col-25 elementor-top-column elementor-element elementor-element-c1fd8c4\" data-id=\"c1fd8c4\" data-element_type=\"column\">\n\t\t\t<div class=\"elementor-column-wrap\">\n\t\t\t\t\t\t\t<div class=\"elementor-widget-wrap\">\n\t\t\t\t\t\t\t\t<\/div>\n\t\t\t\t\t<\/div>\n\t\t<\/div>\n\t\t\t\t\t\t\t\t<\/div>\n\t\t\t\t\t<\/div>\n\t\t<\/section>\n\t\t\t\t<section class=\"elementor-section elementor-top-section elementor-element elementor-element-ae15bf8 elementor-section-boxed elementor-section-height-default elementor-section-height-default\" data-id=\"ae15bf8\" data-element_type=\"section\">\n\t\t\t\t\t\t<div class=\"elementor-container elementor-column-gap-default\">\n\t\t\t\t\t\t\t<div class=\"elementor-row\">\n\t\t\t\t\t<div class=\"elementor-column elementor-col-50 elementor-top-column elementor-element elementor-element-ee266e4\" data-id=\"ee266e4\" data-element_type=\"column\">\n\t\t\t<div class=\"elementor-column-wrap elementor-element-populated\">\n\t\t\t\t\t\t\t<div class=\"elementor-widget-wrap\">\n\t\t\t\t\t\t<div class=\"elementor-element elementor-element-22ab08c elementor-widget elementor-widget-image\" data-id=\"22ab08c\" data-element_type=\"widget\" data-widget_type=\"image.default\">\n\t\t\t\t<div class=\"elementor-widget-container\">\n\t\t\t\t\t<div class=\"elementor-image\">\n\t\t\t\t\t\t\t\t\t\t\t<a href=\"http:\/\/www.funcal.com.pe\/REVISTA_FUNCAL_PERU.pdf\" target=\"_blank\">\n\t\t\t\t\t\t\t<img loading=\"lazy\" decoding=\"async\" width=\"150\" height=\"35\" src=\"https:\/\/www.funcal.com.pe\/En\/wp-content\/uploads\/2019\/08\/ver-brochure-ingles.fw_-1.png\" class=\"attachment-full size-full\" alt=\"\" \/>\t\t\t\t\t\t\t\t<\/a>\n\t\t\t\t\t\t\t\t\t\t\t<\/div>\n\t\t\t\t<\/div>\n\t\t\t\t<\/div>\n\t\t\t\t\t\t<\/div>\n\t\t\t\t\t<\/div>\n\t\t<\/div>\n\t\t\t\t<div class=\"elementor-column elementor-col-50 elementor-top-column elementor-element elementor-element-fcb8827\" data-id=\"fcb8827\" data-element_type=\"column\">\n\t\t\t<div class=\"elementor-column-wrap elementor-element-populated\">\n\t\t\t\t\t\t\t<div class=\"elementor-widget-wrap\">\n\t\t\t\t\t\t<div class=\"elementor-element elementor-element-5742db8 elementor-widget elementor-widget-image\" data-id=\"5742db8\" data-element_type=\"widget\" data-widget_type=\"image.default\">\n\t\t\t\t<div class=\"elementor-widget-container\">\n\t\t\t\t\t<div class=\"elementor-image\">\n\t\t\t\t\t\t\t\t\t\t\t<a href=\"http:\/\/www.funcal.com.pe\/especificaciones_tecnicas.pdf\" target=\"_blank\">\n\t\t\t\t\t\t\t<img loading=\"lazy\" decoding=\"async\" width=\"200\" height=\"35\" src=\"https:\/\/www.funcal.com.pe\/En\/wp-content\/uploads\/2019\/08\/ver-especificaciones-tecnicas-ingles.fw_-1.png\" class=\"attachment-full size-full\" alt=\"\" \/>\t\t\t\t\t\t\t\t<\/a>\n\t\t\t\t\t\t\t\t\t\t\t<\/div>\n\t\t\t\t<\/div>\n\t\t\t\t<\/div>\n\t\t\t\t\t\t<\/div>\n\t\t\t\t\t<\/div>\n\t\t<\/div>\n\t\t\t\t\t\t\t\t<\/div>\n\t\t\t\t\t<\/div>\n\t\t<\/section>\n\t\t\t\t<section class=\"elementor-section elementor-top-section elementor-element elementor-element-b10e5ae elementor-section-full_width elementor-section-height-default elementor-section-height-default\" data-id=\"b10e5ae\" data-element_type=\"section\" data-settings=\"{&quot;background_background&quot;:&quot;classic&quot;}\">\n\t\t\t\t\t\t\t<div class=\"elementor-background-overlay\"><\/div>\n\t\t\t\t\t\t\t<div class=\"elementor-container elementor-column-gap-default\">\n\t\t\t\t\t\t\t<div class=\"elementor-row\">\n\t\t\t\t\t<div class=\"elementor-column elementor-col-100 elementor-top-column elementor-element elementor-element-5c6dc3b\" data-id=\"5c6dc3b\" data-element_type=\"column\" data-settings=\"{&quot;background_background&quot;:&quot;classic&quot;}\">\n\t\t\t<div class=\"elementor-column-wrap elementor-element-populated\">\n\t\t\t\t\t\t\t<div class=\"elementor-widget-wrap\">\n\t\t\t\t\t\t<div class=\"elementor-element elementor-element-3f3171a elementor-widget elementor-widget-frel-about-with-rating\" data-id=\"3f3171a\" data-element_type=\"widget\" data-widget_type=\"frel-about-with-rating.default\">\n\t\t\t\t<div class=\"elementor-widget-container\">\n\t\t\t<div class=\"cons_w_wrapper\"><div class=\"fn_cs_about_with_rating\"><div class=\"container\"><div class=\"awr_inner\"><div class=\"left_part\"><h3>Why work with us?<\/h3><p><span><strong>FUNDICI\u00d3N CALLAO S.A.<\/strong> Our highest priority is to provide quality products and an excellent level of after-sales services for our customers creating a commercial link based on trust where:<\/span>\n<ul style=\"color:#000\">\n<li>Engineers and technicians are available to the client when required at no cost.<\/li>\n<li>Clients can manage their technical needs.<\/li>\n<li>Our experience and knowledge is available to match your technical specifications for any new specified technical requirements.<\/li>\n<\/ul><\/p><img decoding=\"async\" src=\"http:\/\/vaiiki.com\/FUNCAL_INGLES\/wp-content\/uploads\/2019\/06\/ver-mapa-INGLES.fw_.png\" alt=\"\" \/><\/div><div class=\"right_part\"><div class=\"r_inner\"><div class=\"top_section\"><div class=\"badge_holder\"><div class=\"badge_left\"><div class=\"b_title\"><h3>Fundici\u00f3n Callao S.A (FUNCAL)<br>Strategic Location<\/h3><\/div><div class=\"b_desc\"><span class=\"year\">80<\/span><span class=\"text\">Years of Experience<\/span><\/div><\/div><div class=\"badge_right\" data-bg-img=\"http:\/\/www.funcal.com.pe\/funcal\/En\/wp-content\/uploads\/2019\/08\/todos.jpg\"><\/div><\/div><div class=\"rating_holder\"><div class=\"r_header\"><\/div><div class=\"r_footer\"><\/div><a href=\"#\"><\/a><img decoding=\"async\" class=\"industify_w_fn_svg\" src=\"https:\/\/www.funcal.com.pe\/En\/wp-content\/plugins\/industify-core\/shortcode\/assets\/svg\/stars.svg\" alt=\"svg\" \/><h3 class=\"rating_number\">100%<\/h3><h3 class=\"rating_text\">Guaranteed Experience<\/h3><\/div><\/div><div class=\"bottom_section\"><div class=\"list\"><ul><li><div class=\"item\"><span class=\"icon\"><img decoding=\"async\" class=\"industify_w_fn_svg\" src=\"https:\/\/www.funcal.com.pe\/En\/wp-content\/plugins\/industify-core\/shortcode\/assets\/svg\/checked.svg\" alt=\"\" \/><\/span><p>At a distance of 2.5 miles from the Port of Callao<\/p><\/div><\/li><li><div class=\"item\"><span class=\"icon\"><img decoding=\"async\" class=\"industify_w_fn_svg\" src=\"https:\/\/www.funcal.com.pe\/En\/wp-content\/plugins\/industify-core\/shortcode\/assets\/svg\/checked.svg\" alt=\"\" \/><\/span><p>At a distance of 1.2 miles from Jorge Chavez International Airport<\/p><\/div><\/li><\/ul><\/div><\/div><\/div><\/div><\/div><\/div><\/div><\/div>\t\t<\/div>\n\t\t\t\t<\/div>\n\t\t\t\t\t\t<\/div>\n\t\t\t\t\t<\/div>\n\t\t<\/div>\n\t\t\t\t\t\t\t\t<\/div>\n\t\t\t\t\t<\/div>\n\t\t<\/section>\n\t\t\t\t<section class=\"elementor-section elementor-top-section elementor-element elementor-element-7ccc6386 elementor-section-full_width elementor-section-height-default elementor-section-height-default\" data-id=\"7ccc6386\" data-element_type=\"section\">\n\t\t\t\t\t\t<div class=\"elementor-container elementor-column-gap-default\">\n\t\t\t\t\t\t\t<div class=\"elementor-row\">\n\t\t\t\t\t<div class=\"elementor-column elementor-col-100 elementor-top-column elementor-element elementor-element-63cf74d5\" data-id=\"63cf74d5\" data-element_type=\"column\">\n\t\t\t<div class=\"elementor-column-wrap elementor-element-populated\">\n\t\t\t\t\t\t\t<div class=\"elementor-widget-wrap\">\n\t\t\t\t\t\t<div class=\"elementor-element elementor-element-36032adb elementor-widget elementor-widget-frel-call-to-action\" data-id=\"36032adb\" data-element_type=\"widget\" data-widget_type=\"frel-call-to-action.default\">\n\t\t\t\t<div class=\"elementor-widget-container\">\n\t\t\t<div class=\"cons_w_wrapper\"><div class=\"fn_cs_call_to_action\"><div class=\"container\"><div class=\"cta_holder\"><div class=\"title_holder\"><h3>Customer Service<\/h3><p>If you would like a quote or have any questions, please complete the following form and our sales representatives will respond as soon as possible.<\/p><\/div><div class=\"link_holder\"><a href=\"http:\/\/www.funcal.com.pe\/En\/contact\/\">Contact<\/a><\/div><\/div><\/div><\/div><\/div>\t\t<\/div>\n\t\t\t\t<\/div>\n\t\t\t\t\t\t<\/div>\n\t\t\t\t\t<\/div>\n\t\t<\/div>\n\t\t\t\t\t\t\t\t<\/div>\n\t\t\t\t\t<\/div>\n\t\t<\/section>\n\t\t\t\t\t\t<\/div>\n\t\t\t\t\t\t<\/div>\n\t\t\t\t\t<\/div>\n\t\t","protected":false},"excerpt":{"rendered":"<p>Fundici\u00f3n Callao S.A. (FUNCAL) Contamos con m\u00e1s de 80 a\u00f1os de experiencia en la industria de la fundici\u00f3n y fabricaci\u00f3n de piezas y dise\u00f1o de equipos, FUNDICI\u00d3N CALLAO S.A. es reconocida en los mercados nacional e internacional por sus productos de alta calidad, durabilidad y entrega oportuna, como parte de nuestro compromiso con los clientes. [&hellip;]<\/p>\n","protected":false},"author":1,"featured_media":0,"parent":0,"menu_order":0,"comment_status":"closed","ping_status":"closed","template":"page-fullwidth.php","meta":{"footnotes":""},"class_list":["post-369","page","type-page","status-publish","hentry"],"_links":{"self":[{"href":"https:\/\/www.funcal.com.pe\/En\/wp-json\/wp\/v2\/pages\/369","targetHints":{"allow":["GET"]}}],"collection":[{"href":"https:\/\/www.funcal.com.pe\/En\/wp-json\/wp\/v2\/pages"}],"about":[{"href":"https:\/\/www.funcal.com.pe\/En\/wp-json\/wp\/v2\/types\/page"}],"author":[{"embeddable":true,"href":"https:\/\/www.funcal.com.pe\/En\/wp-json\/wp\/v2\/users\/1"}],"replies":[{"embeddable":true,"href":"https:\/\/www.funcal.com.pe\/En\/wp-json\/wp\/v2\/comments?post=369"}],"version-history":[{"count":224,"href":"https:\/\/www.funcal.com.pe\/En\/wp-json\/wp\/v2\/pages\/369\/revisions"}],"predecessor-version":[{"id":2149,"href":"https:\/\/www.funcal.com.pe\/En\/wp-json\/wp\/v2\/pages\/369\/revisions\/2149"}],"wp:attachment":[{"href":"https:\/\/www.funcal.com.pe\/En\/wp-json\/wp\/v2\/media?parent=369"}],"curies":[{"name":"wp","href":"https:\/\/api.w.org\/{rel}","templated":true}]}}